{"id":12,"date":"2020-11-04T09:28:32","date_gmt":"2020-11-04T09:28:32","guid":{"rendered":"https:\/\/serbanionuteugen.ro\/?page_id=12"},"modified":"2020-11-16T07:30:16","modified_gmt":"2020-11-16T07:30:16","slug":"portfolio","status":"publish","type":"page","link":"https:\/\/serbanionuteugen.ro\/en\/portfolio\/","title":{"rendered":"Portofoliu"},"content":{"rendered":"<div class=\"wp-block-kadence-rowlayout alignwide\"><div id=\"kt-layout-id_c2fbd2-f4\" class=\"kt-row-layout-inner kt-layout-id_c2fbd2-f4\"><div class=\"kt-row-column-wrap kt-has-2-columns kt-gutter-default kt-v-gutter-default kt-row-valign-top kt-row-layout-equal kt-tab-layout-inherit kt-m-colapse-left-to-right kt-mobile-layout-row\"><style id=\"kt-blocks_69928e-e7\" type=\"text\/css\">.kt-row-layout-inner > .kt-row-column-wrap > .kadence-column_69928e-e7 {text-align:center;}<\/style>\n<div class=\"wp-block-kadence-column inner-column-1 kadence-column_69928e-e7\"><div class=\"kt-inside-inner-col\"><style id=\"kt-blocks_fb0893-e7\" type=\"text\/css\">#kt-adv-heading_fb0893-e7, #kt-adv-heading_fb0893-e7 .wp-block-kadence-advancedheading {font-size:36px;font-weight:400;font-family:Didact Gothic;}<\/style>\n<h2 id=\"kt-adv-heading_fb0893-e7\" class=\"kt-adv-heading_fb0893-e7 wp-block-kadence-advancedheading has-very-dark-gray-color\">SCULPTUR\u0102<\/h2>\n\n\n<style id=\"kt-blocks_d273c6-c0\" type=\"text\/css\">#kt-adv-heading_d273c6-c0, #kt-adv-heading_d273c6-c0 .wp-block-kadence-advancedheading {font-size:16px;line-height:1.5em;font-weight:400;font-family:Didact Gothic;}<\/style>\n<h2 id=\"kt-adv-heading_d273c6-c0\" class=\"kt-adv-heading_d273c6-c0 wp-block-kadence-advancedheading has-very-dark-gray-color\" style=\"letter-spacing:1.2px\">Codul manierat al formei, redat prin cizelarea pietrei, cioplirea sau asamblarea lemnului, \u00een cadrul sculpturii monumentale \u0219i de exterior.<\/h2>\n\n\n<style id=\"kt-blocks_02b5c2-db\" type=\"text\/css\">.kt-btns_02b5c2-db .kt-button {font-family:Didact Gothic;font-weight:400;}.kt-btns_02b5c2-db .kt-btn-wrap-0 {margin-right:5px;}.rtl .kt-btns_02b5c2-db .kt-btn-wrap-0 {margin-left:5px;margin-right:0px;}.kt-btns_02b5c2-db .kt-btn-wrap-0 .kt-button {color:#555555;font-size:18px;border-color:rgba(85, 85, 85, 1);}.kt-btns_02b5c2-db .kt-btn-wrap-0 .kt-button:hover, .kt-btns_02b5c2-db .kt-btn-wrap-0 .kt-button:focus {color:#ffffff;border-color:rgba(68, 68, 68, 1);}.kt-btns_02b5c2-db .kt-btn-wrap-0 .kt-button::before {display:none;}.kt-btns_02b5c2-db .kt-btn-wrap-0 .kt-button:hover, .kt-btns_02b5c2-db .kt-btn-wrap-0 .kt-button:focus {background:rgba(68, 68, 68, 1);}<\/style>\n<div class=\"wp-block-kadence-advancedbtn kt-btn-align-center kt-btn-tablet-align-inherit kt-btn-mobile-align-inherit kt-btns-wrap kt-btns_02b5c2-db\"><div class=\"kt-btn-wrap kt-btn-wrap-0\"><a class=\"kt-button button kt-btn-0-action kt-btn-size-standard kt-btn-style-basic kt-btn-svg-show-always kt-btn-has-text-true kt-btn-has-svg-false\" href=\"https:\/\/serbanionuteugen.ro\/portfolio\/sculptura\/\" target=\"_blank\" rel=\"noreferrer noopener\" style=\"border-radius:1px;border-width:1px\"><span class=\"kt-btn-inner-text\">Vezi mai multe<\/span><\/a><\/div><\/div>\n<\/div><\/div>\n\n\n<style id=\"kt-blocks_1a14c1-be\" type=\"text\/css\">.kt-row-layout-inner > .kt-row-column-wrap > .kadence-column_1a14c1-be {text-align:center;}<\/style>\n<div class=\"wp-block-kadence-column inner-column-2 kadence-column_1a14c1-be\"><div class=\"kt-inside-inner-col\"><style id=\"kt-blocks_ddf17f-60\" type=\"text\/css\">#kt-adv-heading_ddf17f-60, #kt-adv-heading_ddf17f-60 .wp-block-kadence-advancedheading {font-size:36px;font-weight:400;font-family:Didact Gothic;}<\/style>\n<h2 id=\"kt-adv-heading_ddf17f-60\" class=\"kt-adv-heading_ddf17f-60 wp-block-kadence-advancedheading has-very-dark-gray-color\">GRAFIC\u0102<\/h2>\n\n\n<style id=\"kt-blocks_d51ee0-91\" type=\"text\/css\">#kt-adv-heading_d51ee0-91, #kt-adv-heading_d51ee0-91 .wp-block-kadence-advancedheading {font-size:16px;line-height:1.5em;font-weight:400;font-family:Didact Gothic;}<\/style>\n<h2 id=\"kt-adv-heading_d51ee0-91\" class=\"kt-adv-heading_d51ee0-91 wp-block-kadence-advancedheading has-very-dark-gray-color\" style=\"letter-spacing:1.2px\">Linia, umbra \u0219i culoarea emo\u021biei, o tehnic\u0103 mixt\u0103 imprimat\u0103 \u0219i \u00eenr\u0103mat\u0103.<\/h2>\n\n\n<style id=\"kt-blocks_64f10e-30\" type=\"text\/css\">.kt-btns_64f10e-30 .kt-button {font-family:Didact Gothic;font-weight:400;}.wp-block-kadence-advancedbtn.kt-btns_64f10e-30, .site .entry-content .wp-block-kadence-advancedbtn.kt-btns_64f10e-30 {margin:0px 0px 0px px;}.kt-btns_64f10e-30 .kt-btn-wrap-0 {margin-right:5px;}.rtl .kt-btns_64f10e-30 .kt-btn-wrap-0 {margin-left:5px;margin-right:0px;}.kt-btns_64f10e-30 .kt-btn-wrap-0 .kt-button {color:#555555;font-size:18px;border-color:rgba(85, 85, 85, 1);}.kt-btns_64f10e-30 .kt-btn-wrap-0 .kt-button:hover, .kt-btns_64f10e-30 .kt-btn-wrap-0 .kt-button:focus {color:#ffffff;border-color:rgba(68, 68, 68, 1);}.kt-btns_64f10e-30 .kt-btn-wrap-0 .kt-button::before {display:none;}.kt-btns_64f10e-30 .kt-btn-wrap-0 .kt-button:hover, .kt-btns_64f10e-30 .kt-btn-wrap-0 .kt-button:focus {background:rgba(68, 68, 68, 1);}<\/style>\n<div class=\"wp-block-kadence-advancedbtn kt-btn-align-center kt-btn-tablet-align-inherit kt-btn-mobile-align-inherit kt-btns-wrap kt-btns_64f10e-30\"><div class=\"kt-btn-wrap kt-btn-wrap-0\"><a class=\"kt-button button kt-btn-0-action kt-btn-size-standard kt-btn-style-basic kt-btn-svg-show-always kt-btn-has-text-true kt-btn-has-svg-false\" href=\"https:\/\/serbanionuteugen.ro\/portfolio\/grafica\/\" target=\"_blank\" rel=\"noreferrer noopener\" style=\"border-width:1px\"><span class=\"kt-btn-inner-text\">Vezi mai multe<\/span><\/a><\/div><\/div>\n<\/div><\/div>\n<\/div><\/div><\/div>","protected":false},"excerpt":{"rendered":"","protected":false},"author":1,"featured_media":0,"parent":0,"menu_order":0,"comment_status":"closed","ping_status":"closed","template":"","meta":{"kt_blocks_editor_width":""},"_links":{"self":[{"href":"https:\/\/serbanionuteugen.ro\/en\/wp-json\/wp\/v2\/pages\/12"}],"collection":[{"href":"https:\/\/serbanionuteugen.ro\/en\/wp-json\/wp\/v2\/pages"}],"about":[{"href":"https:\/\/serbanionuteugen.ro\/en\/wp-json\/wp\/v2\/types\/page"}],"author":[{"embeddable":true,"href":"https:\/\/serbanionuteugen.ro\/en\/wp-json\/wp\/v2\/users\/1"}],"replies":[{"embeddable":true,"href":"https:\/\/serbanionuteugen.ro\/en\/wp-json\/wp\/v2\/comments?post=12"}],"version-history":[{"count":10,"href":"https:\/\/serbanionuteugen.ro\/en\/wp-json\/wp\/v2\/pages\/12\/revisions"}],"predecessor-version":[{"id":432,"href":"https:\/\/serbanionuteugen.ro\/en\/wp-json\/wp\/v2\/pages\/12\/revisions\/432"}],"wp:attachment":[{"href":"https:\/\/serbanionuteugen.ro\/en\/wp-json\/wp\/v2\/media?parent=12"}],"curies":[{"name":"wp","href":"https:\/\/api.w.org\/{rel}","templated":true}]}}