{"id":133,"date":"2020-11-05T12:59:08","date_gmt":"2020-11-05T12:59:08","guid":{"rendered":"https:\/\/serbanionuteugen.ro\/?page_id=133"},"modified":"2023-02-03T17:01:26","modified_gmt":"2023-02-03T17:01:26","slug":"test-homepage","status":"publish","type":"page","link":"https:\/\/serbanionuteugen.ro\/en\/","title":{"rendered":"Acasa"},"content":{"rendered":"<div class=\"wp-block-nextend-smartslider3\"><\/div>\n\n\n<style id=\"kt-blocks_f2b99a-e6\" type=\"text\/css\">#kt-layout-id_f2b99a-e6 {background-color:#ffffff;}#kt-layout-id_f2b99a-e6 > .kt-row-column-wrap {padding-top:66px;}<\/style>\n<div class=\"wp-block-kadence-rowlayout alignwide\"><div id=\"kt-layout-id_f2b99a-e6\" class=\"kt-row-layout-inner kt-row-has-bg kt-layout-id_f2b99a-e6\"><div class=\"kt-row-column-wrap kt-has-1-columns kt-gutter-default kt-v-gutter-default kt-row-valign-top kt-row-layout-equal kt-tab-layout-inherit kt-m-colapse-left-to-right kt-mobile-layout-row\"><style id=\"kt-blocks_f7b1fe-a6\" type=\"text\/css\">.kt-row-layout-inner > .kt-row-column-wrap > .kadence-column_f7b1fe-a6 {text-align:center;}<\/style>\n<div class=\"wp-block-kadence-column inner-column-1 kadence-column_f7b1fe-a6 animated fadeInUp\"><div class=\"kt-inside-inner-col\"><style id=\"kt-blocks_0bb429-45\" type=\"text\/css\">#kt-adv-heading_0bb429-45, #kt-adv-heading_0bb429-45 .wp-block-kadence-advancedheading {font-size:27px;font-weight:400;font-family:Didact Gothic;}<\/style>\n<h2 id=\"kt-adv-heading_0bb429-45\" class=\"kt-adv-heading_0bb429-45 wp-block-kadence-advancedheading has-very-dark-gray-color\" style=\"text-align:center;letter-spacing:1.2px\">Fr\u00e2nturi de art\u0103 conceptual\u0103 \u0219i contemporan\u0103<\/h2>\n<\/div><\/div>\n<\/div><\/div><\/div>\n\n\n\n<div class=\"wp-block-kadence-rowlayout alignwide\"><div id=\"kt-layout-id_7bd4cc-2d\" class=\"kt-row-layout-inner kt-layout-id_7bd4cc-2d\"><div class=\"kt-row-column-wrap kt-has-3-columns kt-gutter-default kt-v-gutter-default kt-row-valign-top kt-row-layout-equal kt-tab-layout-inherit kt-m-colapse-left-to-right kt-mobile-layout-row\"><style id=\"kt-blocks_98a82b-89\" type=\"text\/css\">.kt-row-layout-inner > .kt-row-column-wrap > .kadence-column_98a82b-89 {text-align:center;}<\/style>\n<div class=\"wp-block-kadence-column inner-column-1 kadence-column_98a82b-89\"><div class=\"kt-inside-inner-col\">\n<figure class=\"wp-block-image size-full animated fadeInLeft\"><img loading=\"lazy\" width=\"825\" height=\"1024\" src=\"https:\/\/serbanionuteugen.ro\/wp-content\/uploads\/2020\/11\/5THINKERBOY.jpg\" alt=\"\" class=\"wp-image-265\" srcset=\"https:\/\/serbanionuteugen.ro\/wp-content\/uploads\/2020\/11\/5THINKERBOY.jpg 825w, https:\/\/serbanionuteugen.ro\/wp-content\/uploads\/2020\/11\/5THINKERBOY-300x372.jpg 300w, https:\/\/serbanionuteugen.ro\/wp-content\/uploads\/2020\/11\/5THINKERBOY-600x745.jpg 600w, https:\/\/serbanionuteugen.ro\/wp-content\/uploads\/2020\/11\/5THINKERBOY-242x300.jpg 242w, https:\/\/serbanionuteugen.ro\/wp-content\/uploads\/2020\/11\/5THINKERBOY-768x953.jpg 768w\" sizes=\"(max-width: 825px) 100vw, 825px\" \/><figcaption><strong><em>THINKERBOY<\/em><\/strong><\/figcaption><\/figure>\n<\/div><\/div>\n\n\n<style id=\"kt-blocks_51c5a5-cf\" type=\"text\/css\">.kt-row-layout-inner > .kt-row-column-wrap > .kadence-column_51c5a5-cf {text-align:center;}<\/style>\n<div class=\"wp-block-kadence-column inner-column-2 kadence-column_51c5a5-cf\"><div class=\"kt-inside-inner-col\">\n<figure class=\"wp-block-image size-full animated fadeInUp\"><img loading=\"lazy\" width=\"825\" height=\"1024\" src=\"https:\/\/serbanionuteugen.ro\/wp-content\/uploads\/2020\/11\/7BIG-BROTHER.jpg\" alt=\"\" class=\"wp-image-266\" srcset=\"https:\/\/serbanionuteugen.ro\/wp-content\/uploads\/2020\/11\/7BIG-BROTHER.jpg 825w, https:\/\/serbanionuteugen.ro\/wp-content\/uploads\/2020\/11\/7BIG-BROTHER-300x372.jpg 300w, https:\/\/serbanionuteugen.ro\/wp-content\/uploads\/2020\/11\/7BIG-BROTHER-600x745.jpg 600w, https:\/\/serbanionuteugen.ro\/wp-content\/uploads\/2020\/11\/7BIG-BROTHER-242x300.jpg 242w, https:\/\/serbanionuteugen.ro\/wp-content\/uploads\/2020\/11\/7BIG-BROTHER-768x953.jpg 768w\" sizes=\"(max-width: 825px) 100vw, 825px\" \/><figcaption><strong><em>BIG BROTHER<\/em><\/strong><\/figcaption><\/figure>\n<\/div><\/div>\n\n\n<style id=\"kt-blocks_69347a-22\" type=\"text\/css\">.kt-row-layout-inner > .kt-row-column-wrap > .kadence-column_69347a-22 {text-align:center;}<\/style>\n<div class=\"wp-block-kadence-column inner-column-3 kadence-column_69347a-22\"><div class=\"kt-inside-inner-col\">\n<figure class=\"wp-block-image size-full animated fadeInRight\"><img loading=\"lazy\" width=\"825\" height=\"1024\" src=\"https:\/\/serbanionuteugen.ro\/wp-content\/uploads\/2020\/11\/6PUBERTATE.jpg\" alt=\"\" class=\"wp-image-267\" srcset=\"https:\/\/serbanionuteugen.ro\/wp-content\/uploads\/2020\/11\/6PUBERTATE.jpg 825w, https:\/\/serbanionuteugen.ro\/wp-content\/uploads\/2020\/11\/6PUBERTATE-300x372.jpg 300w, https:\/\/serbanionuteugen.ro\/wp-content\/uploads\/2020\/11\/6PUBERTATE-600x745.jpg 600w, https:\/\/serbanionuteugen.ro\/wp-content\/uploads\/2020\/11\/6PUBERTATE-242x300.jpg 242w, https:\/\/serbanionuteugen.ro\/wp-content\/uploads\/2020\/11\/6PUBERTATE-768x953.jpg 768w\" sizes=\"(max-width: 825px) 100vw, 825px\" \/><figcaption><strong><em>PUBERTATE<\/em><\/strong><\/figcaption><\/figure>\n<\/div><\/div>\n<\/div><\/div><\/div>\n\n\n\n<div class=\"wp-block-kadence-rowlayout alignnone\"><div id=\"kt-layout-id_12e1f4-9a\" class=\"kt-row-layout-inner kt-layout-id_12e1f4-9a\"><div class=\"kt-row-column-wrap kt-has-1-columns kt-gutter-default kt-v-gutter-default kt-row-valign-top kt-row-layout-equal kt-tab-layout-inherit kt-m-colapse-left-to-right kt-mobile-layout-row\"><style id=\"kt-blocks_2092e3-ac\" type=\"text\/css\">.kt-row-layout-inner > .kt-row-column-wrap > .kadence-column_2092e3-ac {text-align:center;}<\/style>\n<div class=\"wp-block-kadence-column inner-column-1 kadence-column_2092e3-ac animated fadeInUp\"><div class=\"kt-inside-inner-col\">\n<div id=\"\" class=\"wp-block-gosign-gosign-background-contianer gosign-color-section btn-full align-true def-verticalAlignMiddle default-padding no-margin full-width no-min-height lightColorLayout no-top-border no-bottom-border colorSectionFe background-parallax background-contain overlay-false defined-width animated fadeInUp\"><div data-parallax=\"scroll\" data-image-src=\"https:\/\/serbanionuteugen.ro\/wp-content\/uploads\/2020\/11\/Cover-portofolio.jpg\" class=\"outer-container background-parallax\" style=\"padding-top:20px;padding-bottom:20px;padding-left:20px;padding-right:20px\"><div class=\"inner-container\"><div class=\"contentBlock\">\n<div style=\"height:105px\" aria-hidden=\"true\" class=\"wp-block-spacer\"><\/div>\n\n\n<style id=\"kt-blocks_01f5eb-27\" type=\"text\/css\">.kt-btns_01f5eb-27 .kt-button {font-family:Didact Gothic;font-weight:400;}.kt-btns_01f5eb-27 .kt-btn-wrap-0 {margin-right:5px;}.rtl .kt-btns_01f5eb-27 .kt-btn-wrap-0 {margin-left:5px;margin-right:0px;}.kt-btns_01f5eb-27 .kt-btn-wrap-0 .kt-button {color:#555555;font-size:16px;background:rgba(238, 238, 238, 1);border-color:rgba(85, 85, 85, 1);}.kt-btns_01f5eb-27 .kt-btn-wrap-0 .kt-button:hover, .kt-btns_01f5eb-27 .kt-btn-wrap-0 .kt-button:focus {color:#ffffff;border-color:rgba(68, 68, 68, 1);}.kt-btns_01f5eb-27 .kt-btn-wrap-0 .kt-button::before {display:none;}.kt-btns_01f5eb-27 .kt-btn-wrap-0 .kt-button:hover, .kt-btns_01f5eb-27 .kt-btn-wrap-0 .kt-button:focus {background:rgba(68, 68, 68, 1);}<\/style>\n<div class=\"wp-block-kadence-advancedbtn kt-btn-align-center kt-btn-tablet-align-inherit kt-btn-mobile-align-inherit kt-btns-wrap kt-btns_01f5eb-27\"><div class=\"kt-btn-wrap kt-btn-wrap-0\"><a class=\"kt-button button kt-btn-0-action kt-btn-size-standard kt-btn-style-basic kt-btn-svg-show-always kt-btn-has-text-true kt-btn-has-svg-false\" href=\"https:\/\/serbanionuteugen.ro\/portfolio\/\" target=\"_blank\" rel=\"noreferrer noopener\" style=\"border-width:1px\"><span class=\"kt-btn-inner-text\">Vezi PORTOFOLIO<\/span><\/a><\/div><\/div>\n\n\n\n<div style=\"height:105px\" aria-hidden=\"true\" class=\"wp-block-spacer\"><\/div>\n<\/div><\/div><\/div><\/div>\n<\/div><\/div>\n<\/div><\/div><\/div>\n\n\n<style id=\"kt-blocks_3fe798-13\" type=\"text\/css\">#kt-layout-id_3fe798-13 > .kt-row-column-wrap {padding-top:100px;}<\/style>\n<div class=\"wp-block-kadence-rowlayout alignwide\"><div id=\"kt-layout-id_3fe798-13\" class=\"kt-row-layout-inner kt-layout-id_3fe798-13\"><div class=\"kt-row-column-wrap kt-has-1-columns kt-gutter-default kt-v-gutter-default kt-row-valign-top kt-row-layout-equal kt-tab-layout-inherit kt-m-colapse-left-to-right kt-mobile-layout-row\"><style id=\"kt-blocks_e8b0fc-d0\" type=\"text\/css\">.kt-row-layout-inner > .kt-row-column-wrap > .kadence-column_e8b0fc-d0 {text-align:center;}<\/style>\n<div class=\"wp-block-kadence-column inner-column-1 kadence-column_e8b0fc-d0\"><div class=\"kt-inside-inner-col\">\n<div class=\"wp-block-media-text alignwide has-media-on-the-right is-stacked-on-mobile animated fadeInUp\"><figure class=\"wp-block-media-text__media\"><img loading=\"lazy\" width=\"1024\" height=\"886\" src=\"https:\/\/serbanionuteugen.ro\/wp-content\/uploads\/2020\/11\/About.jpg\" alt=\"\" class=\"wp-image-276\" srcset=\"https:\/\/serbanionuteugen.ro\/wp-content\/uploads\/2020\/11\/About.jpg 1024w, https:\/\/serbanionuteugen.ro\/wp-content\/uploads\/2020\/11\/About-300x260.jpg 300w, https:\/\/serbanionuteugen.ro\/wp-content\/uploads\/2020\/11\/About-600x519.jpg 600w, https:\/\/serbanionuteugen.ro\/wp-content\/uploads\/2020\/11\/About-768x665.jpg 768w\" sizes=\"(max-width: 1024px) 100vw, 1024px\" \/><\/figure><div class=\"wp-block-media-text__content\"><style id=\"kt-blocks_a0a82b-ce\" type=\"text\/css\">#kt-adv-heading_a0a82b-ce, #kt-adv-heading_a0a82b-ce .wp-block-kadence-advancedheading {font-size:27px;font-weight:400;font-family:Didact Gothic;}<\/style>\n<h2 id=\"kt-adv-heading_a0a82b-ce\" class=\"kt-adv-heading_a0a82b-ce wp-block-kadence-advancedheading has-very-dark-gray-color\" style=\"text-align:center\">Despre mine<\/h2>\n\n\n<style id=\"kt-blocks_f6d282-ca\" type=\"text\/css\">#kt-adv-heading_f6d282-ca, #kt-adv-heading_f6d282-ca .wp-block-kadence-advancedheading {font-size:18px;line-height:30px;font-weight:400;font-family:Didact Gothic;}<\/style>\n<h2 id=\"kt-adv-heading_f6d282-ca\" class=\"kt-adv-heading_f6d282-ca wp-block-kadence-advancedheading has-very-dark-gray-color\" style=\"text-align:center;letter-spacing:1.2px\">Licen\u021biat \u0219i masterand \u00een sec\u021bia-sculptur\u0103 din cadrul Facult\u0103\u021bii de Arte plastice \u0219i Design din Timi\u0219oara \u0219i stabilit \u00een ora\u0219ul cu acela\u0219i nume, \u0218erban Ionu\u021b Eugen, las\u0103 amprente prin expozi\u021bii personale, proiecte de colaborare cu arti\u0219ti \u0219i diferite brand-uri.  Sculpturile monumentale din marmur\u0103 masiv\u0103 \u201dExod\u201d \u0219i \u201dZbor\u201d, expuse public \u00een fa\u021ba UVT, \u00eent\u00e2mpin\u0103 to\u021bi studen\u021bii, actuali, fo\u0219ti sau viitori.Intimitatea detaliului \u00een rela\u021bia form\u0103-materie-idee este exprimat\u0103 prin sculptura \u00een piatr\u0103, lemn \u0219i metal. Pattern-ul lucr\u0103rilor este o simbioz\u0103 de emo\u021bie, simbol \u0219i vulnerabilitate, ce declan\u0219eaz\u0103 flashback-ul \u00een ochii privitorului.<\/h2>\n\n\n<style id=\"kt-blocks_2e93f5-a0\" type=\"text\/css\">.kt-btns_2e93f5-a0 .kt-button {font-family:Didact Gothic;font-weight:400;}.kt-btns_2e93f5-a0 .kt-btn-wrap-0 {margin-right:5px;}.rtl .kt-btns_2e93f5-a0 .kt-btn-wrap-0 {margin-left:5px;margin-right:0px;}.kt-btns_2e93f5-a0 .kt-btn-wrap-0 .kt-button {color:#555555;font-size:16px;border-color:rgba(85, 85, 85, 1);}.kt-btns_2e93f5-a0 .kt-btn-wrap-0 .kt-button:hover, .kt-btns_2e93f5-a0 .kt-btn-wrap-0 .kt-button:focus {color:#ffffff;border-color:rgba(68, 68, 68, 1);}.kt-btns_2e93f5-a0 .kt-btn-wrap-0 .kt-button::before {display:none;}.kt-btns_2e93f5-a0 .kt-btn-wrap-0 .kt-button:hover, .kt-btns_2e93f5-a0 .kt-btn-wrap-0 .kt-button:focus {background:rgba(68, 68, 68, 1);}<\/style>\n<div class=\"wp-block-kadence-advancedbtn kt-btn-align-center kt-btn-tablet-align-inherit kt-btn-mobile-align-inherit kt-btns-wrap kt-btns_2e93f5-a0\"><div class=\"kt-btn-wrap kt-btn-wrap-0\"><a class=\"kt-button button kt-btn-0-action kt-btn-size-standard kt-btn-style-basic kt-btn-svg-show-always kt-btn-has-text-true kt-btn-has-svg-false\" href=\"https:\/\/serbanionuteugen.ro\/about\/\" target=\"_blank\" rel=\"noreferrer noopener\" style=\"border-width:1px\"><span class=\"kt-btn-inner-text\">Citeste mai mult<\/span><\/a><\/div><\/div>\n<\/div><\/div>\n<\/div><\/div>\n<\/div><\/div><\/div>\n\n\n\n<div class=\"wp-block-kadence-rowlayout alignwide\"><div id=\"kt-layout-id_00b7f9-10\" class=\"kt-row-layout-inner kt-layout-id_00b7f9-10\"><div class=\"kt-row-column-wrap kt-has-3-columns kt-gutter-default kt-v-gutter-default kt-row-valign-top kt-row-layout-equal kt-tab-layout-inherit kt-m-colapse-left-to-right kt-mobile-layout-row\"><style id=\"kt-blocks_1b149a-8e\" type=\"text\/css\">.kt-row-layout-inner > .kt-row-column-wrap > .kadence-column_1b149a-8e {text-align:center;}<\/style>\n<div class=\"wp-block-kadence-column inner-column-1 kadence-column_1b149a-8e\"><div class=\"kt-inside-inner-col\">\n<div class=\"wp-block-group\"><div class=\"wp-block-group__inner-container\">\n<div class=\"wp-block-group\"><div class=\"wp-block-group__inner-container\">\n<div class=\"wp-block-group animated bounceInLeft\"><div class=\"wp-block-group__inner-container\">\n<figure class=\"wp-block-image size-large\"><a href=\"https:\/\/serbanionuteugen.ro\/expozitii\/armonieinhaos\/\"><img loading=\"lazy\" width=\"1024\" height=\"678\" src=\"https:\/\/serbanionuteugen.ro\/wp-content\/uploads\/2020\/11\/link-armonieinhaos.jpg\" alt=\"\" class=\"wp-image-278\" srcset=\"https:\/\/serbanionuteugen.ro\/wp-content\/uploads\/2020\/11\/link-armonieinhaos.jpg 1024w, https:\/\/serbanionuteugen.ro\/wp-content\/uploads\/2020\/11\/link-armonieinhaos-300x199.jpg 300w, https:\/\/serbanionuteugen.ro\/wp-content\/uploads\/2020\/11\/link-armonieinhaos-600x397.jpg 600w, https:\/\/serbanionuteugen.ro\/wp-content\/uploads\/2020\/11\/link-armonieinhaos-768x509.jpg 768w\" sizes=\"(max-width: 1024px) 100vw, 1024px\" \/><\/a><\/figure>\n\n\n<style id=\"kt-blocks_9bad52-e4\" type=\"text\/css\">#kt-adv-heading_9bad52-e4, #kt-adv-heading_9bad52-e4 .wp-block-kadence-advancedheading {font-size:14px;font-weight:400;font-family:Didact Gothic;}<\/style>\n<h2 id=\"kt-adv-heading_9bad52-e4\" class=\"kt-adv-heading_9bad52-e4 wp-block-kadence-advancedheading has-very-dark-gray-color\"><strong><a href=\"https:\/\/serbanionuteugen.ro\/expozitii\/armonieinhaos\/\">Armonieinhaos<\/a><\/strong><\/h2>\n\n\n<style id=\"kt-blocks_d15855-3f\" type=\"text\/css\">#kt-adv-heading_d15855-3f, #kt-adv-heading_d15855-3f .wp-block-kadence-advancedheading {font-size:15px;line-height:1.8em;font-weight:400;font-family:Didact Gothic;}<\/style>\n<h2 id=\"kt-adv-heading_d15855-3f\" class=\"kt-adv-heading_d15855-3f wp-block-kadence-advancedheading has-very-dark-gray-color\" style=\"text-align:center;letter-spacing:1.5px\"><a href=\"https:\/\/serbanionuteugen.ro\/expozitii\/armonieinhaos\/\">&#8222;Armonie \u00een Haos&#8221; &#8211; Expozi\u021bie de art\u0103 conceptual\u0103 ce invit\u0103 privitorul la p\u0103trunderea sinelui sub forma brut\u0103 de unde vibra\u021bionale, stabilindu-i prin dinamic\u0103, emo\u021bia.<\/a><\/h2>\n<\/div><\/div>\n<\/div><\/div>\n<\/div><\/div>\n<\/div><\/div>\n\n\n<style id=\"kt-blocks_e34a6b-8a\" type=\"text\/css\">.kt-row-layout-inner > .kt-row-column-wrap > .kadence-column_e34a6b-8a {text-align:center;}<\/style>\n<div class=\"wp-block-kadence-column inner-column-2 kadence-column_e34a6b-8a\"><div class=\"kt-inside-inner-col\">\n<div class=\"wp-block-group\"><div class=\"wp-block-group__inner-container\">\n<div class=\"wp-block-group\"><div class=\"wp-block-group__inner-container\">\n<div class=\"wp-block-group animated bounceInUp\"><div class=\"wp-block-group__inner-container\">\n<figure class=\"wp-block-image size-large\"><a href=\"https:\/\/serbanionuteugen.ro\/expozitii\/rosu\/\"><img loading=\"lazy\" width=\"1024\" height=\"678\" src=\"https:\/\/serbanionuteugen.ro\/wp-content\/uploads\/2020\/11\/link-rosu.jpg\" alt=\"\" class=\"wp-image-279\" srcset=\"https:\/\/serbanionuteugen.ro\/wp-content\/uploads\/2020\/11\/link-rosu.jpg 1024w, https:\/\/serbanionuteugen.ro\/wp-content\/uploads\/2020\/11\/link-rosu-300x199.jpg 300w, https:\/\/serbanionuteugen.ro\/wp-content\/uploads\/2020\/11\/link-rosu-600x397.jpg 600w, https:\/\/serbanionuteugen.ro\/wp-content\/uploads\/2020\/11\/link-rosu-768x509.jpg 768w\" sizes=\"(max-width: 1024px) 100vw, 1024px\" \/><\/a><\/figure>\n\n\n<style id=\"kt-blocks_a3edbc-61\" type=\"text\/css\">#kt-adv-heading_a3edbc-61, #kt-adv-heading_a3edbc-61 .wp-block-kadence-advancedheading {font-size:14px;font-weight:400;font-family:Didact Gothic;}<\/style>\n<h2 id=\"kt-adv-heading_a3edbc-61\" class=\"kt-adv-heading_a3edbc-61 wp-block-kadence-advancedheading has-very-dark-gray-color\"><strong><a href=\"https:\/\/serbanionuteugen.ro\/expozitii\/rosu\/\">Rosu<\/a><\/strong><\/h2>\n\n\n<style id=\"kt-blocks_e476fc-f6\" type=\"text\/css\">#kt-adv-heading_e476fc-f6, #kt-adv-heading_e476fc-f6 .wp-block-kadence-advancedheading {font-size:15px;line-height:1.8em;font-weight:400;font-family:Didact Gothic;}<\/style>\n<h2 id=\"kt-adv-heading_e476fc-f6\" class=\"kt-adv-heading_e476fc-f6 wp-block-kadence-advancedheading has-very-dark-gray-color\" style=\"text-align:center;letter-spacing:1.5px\"><a href=\"https:\/\/serbanionuteugen.ro\/expozitii\/rosu\/\">Conceptul expozi\u021biei prezint\u0103 lucrarea \u00eentr-o not\u0103 vulnerabil\u0103, expun\u00e2ndu-i \u00eentreruperea \u0219i extrac\u021bia, asemeni unei r\u0103ni ce s\u00e2ngereaz\u0103, invit\u00e2nd privitorul,pe aceast\u0103 cale, la dorin\u021ba complet\u0103rii imaginative a contextului.<\/a><\/h2>\n<\/div><\/div>\n<\/div><\/div>\n<\/div><\/div>\n<\/div><\/div>\n\n\n<style id=\"kt-blocks_106f3a-f1\" type=\"text\/css\">.kt-row-layout-inner > .kt-row-column-wrap > .kadence-column_106f3a-f1 {text-align:center;}<\/style>\n<div class=\"wp-block-kadence-column inner-column-3 kadence-column_106f3a-f1\"><div class=\"kt-inside-inner-col\">\n<div class=\"wp-block-group\"><div class=\"wp-block-group__inner-container\">\n<div class=\"wp-block-group\"><div class=\"wp-block-group__inner-container\">\n<div class=\"wp-block-group animated bounceInRight\"><div class=\"wp-block-group__inner-container\">\n<figure class=\"wp-block-image size-large\"><a href=\"https:\/\/serbanionuteugen.ro\/expozitii\/doi-intr-unul\/\"><img loading=\"lazy\" width=\"1024\" height=\"678\" src=\"https:\/\/serbanionuteugen.ro\/wp-content\/uploads\/2020\/11\/link-doiintrunul.jpg\" alt=\"\" class=\"wp-image-280\" srcset=\"https:\/\/serbanionuteugen.ro\/wp-content\/uploads\/2020\/11\/link-doiintrunul.jpg 1024w, https:\/\/serbanionuteugen.ro\/wp-content\/uploads\/2020\/11\/link-doiintrunul-300x199.jpg 300w, https:\/\/serbanionuteugen.ro\/wp-content\/uploads\/2020\/11\/link-doiintrunul-600x397.jpg 600w, https:\/\/serbanionuteugen.ro\/wp-content\/uploads\/2020\/11\/link-doiintrunul-768x509.jpg 768w\" sizes=\"(max-width: 1024px) 100vw, 1024px\" \/><\/a><\/figure>\n\n\n<style id=\"kt-blocks_5dd248-d2\" type=\"text\/css\">#kt-adv-heading_5dd248-d2, #kt-adv-heading_5dd248-d2 .wp-block-kadence-advancedheading {font-size:14px;font-weight:400;font-family:Didact Gothic;}<\/style>\n<h2 id=\"kt-adv-heading_5dd248-d2\" class=\"kt-adv-heading_5dd248-d2 wp-block-kadence-advancedheading has-very-dark-gray-color\" style=\"text-align:center\"><strong><a href=\"https:\/\/serbanionuteugen.ro\/expozitii\/doi-intr-unul\/\">Doi intr-unul<\/a><\/strong><\/h2>\n\n\n<style id=\"kt-blocks_fb80da-43\" type=\"text\/css\">#kt-adv-heading_fb80da-43, #kt-adv-heading_fb80da-43 .wp-block-kadence-advancedheading {font-size:15px;line-height:1.8em;font-weight:400;font-family:Didact Gothic;}<\/style>\n<h2 id=\"kt-adv-heading_fb80da-43\" class=\"kt-adv-heading_fb80da-43 wp-block-kadence-advancedheading has-very-dark-gray-color\" style=\"text-align:center;letter-spacing:1.5px\"><a href=\"https:\/\/serbanionuteugen.ro\/expozitii\/doi-intr-unul\/\">O exemplificare a parcursului vie\u0163ii in doi. Un drum al tr\u0103irilor imortalizat \u00een piatr\u0103, de la \u00eenceput p\u00e2n\u0103 la sf\u00e2r\u015fit, atunci c\u00e2nd doi devin doar unul.<\/a><\/h2>\n<\/div><\/div>\n<\/div><\/div>\n<\/div><\/div>\n<\/div><\/div>\n<\/div><\/div><\/div>\n\n\n\n<div class=\"wp-block-kadence-rowlayout alignwide\"><div id=\"kt-layout-id_f71613-0c\" class=\"kt-row-layout-inner kt-layout-id_f71613-0c\"><div class=\"kt-row-column-wrap kt-has-1-columns kt-gutter-default kt-v-gutter-default kt-row-valign-top kt-row-layout-equal kt-tab-layout-inherit kt-m-colapse-left-to-right kt-mobile-layout-row\"><style id=\"kt-blocks_2135a4-e1\" type=\"text\/css\">.kt-row-layout-inner > .kt-row-column-wrap > .kadence-column_2135a4-e1 {text-align:center;}<\/style>\n<div class=\"wp-block-kadence-column inner-column-1 kadence-column_2135a4-e1\"><div class=\"kt-inside-inner-col\"><\/div><\/div>\n<\/div><\/div><\/div>\n\n\n<style id=\"kt-blocks_3ba57d-b1\" type=\"text\/css\">#kt-layout-id_3ba57d-b1 {background-color:#ffffff;}<\/style>\n<div class=\"wp-block-kadence-rowlayout alignwide\"><div id=\"kt-layout-id_3ba57d-b1\" class=\"kt-row-layout-inner kt-row-has-bg kt-layout-id_3ba57d-b1\"><div class=\"kt-row-column-wrap kt-has-1-columns kt-gutter-default kt-v-gutter-default kt-row-valign-top kt-row-layout-equal kt-tab-layout-inherit kt-m-colapse-left-to-right kt-mobile-layout-row\"><style id=\"kt-blocks_a8a3fd-6e\" type=\"text\/css\">.kt-row-layout-inner > .kt-row-column-wrap > .kadence-column_a8a3fd-6e {text-align:center;}<\/style>\n<div class=\"wp-block-kadence-column inner-column-1 kadence-column_a8a3fd-6e\"><div class=\"kt-inside-inner-col\"><style id=\"kt-blocks_a52ac0-43\" type=\"text\/css\">#kt-adv-heading_a52ac0-43, #kt-adv-heading_a52ac0-43 .wp-block-kadence-advancedheading {font-size:27px;font-weight:400;font-family:Didact Gothic;}<\/style>\n<h2 id=\"kt-adv-heading_a52ac0-43\" class=\"kt-adv-heading_a52ac0-43 animated fadeInUp wp-block-kadence-advancedheading has-very-dark-gray-color\" style=\"text-align:center;letter-spacing:1.2px\">Proiecte, colabor\u0103ri \u0219i alte curiozit\u0103\u021bi<\/h2>\n\n\n<style id=\"kt-blocks_6656c3-fc\" type=\"text\/css\">.kt-btns_6656c3-fc .kt-button {font-family:Didact Gothic;font-weight:400;}.kt-btns_6656c3-fc .kt-btn-wrap-0 {margin-right:5px;}.rtl .kt-btns_6656c3-fc .kt-btn-wrap-0 {margin-left:5px;margin-right:0px;}.kt-btns_6656c3-fc .kt-btn-wrap-0 .kt-button {color:#444;font-size:18px;border-color:rgba(85, 85, 85, 1);}.kt-btns_6656c3-fc .kt-btn-wrap-0 .kt-button:hover, .kt-btns_6656c3-fc .kt-btn-wrap-0 .kt-button:focus {color:#ffffff;border-color:rgba(68, 68, 68, 1);}.kt-btns_6656c3-fc .kt-btn-wrap-0 .kt-button::before {display:none;}.kt-btns_6656c3-fc .kt-btn-wrap-0 .kt-button:hover, .kt-btns_6656c3-fc .kt-btn-wrap-0 .kt-button:focus {background:rgba(68, 68, 68, 1);}<\/style>\n<div class=\"wp-block-kadence-advancedbtn kt-btn-align-center kt-btn-tablet-align-inherit kt-btn-mobile-align-inherit kt-btns-wrap kt-btns_6656c3-fc animated bounceInUp\"><div class=\"kt-btn-wrap kt-btn-wrap-0\"><a class=\"kt-button button kt-btn-0-action kt-btn-size-standard kt-btn-style-basic kt-btn-svg-show-always kt-btn-has-text-true kt-btn-has-svg-false\" href=\"https:\/\/serbanionuteugen.ro\/contact\/\" target=\"_blank\" rel=\"noreferrer noopener\" style=\"border-width:1px\"><span class=\"kt-btn-inner-text\">Contacteaza-ne<\/span><\/a><\/div><\/div>\n<\/div><\/div>\n<\/div><\/div><\/div>\n\n\n\n<p><\/p>","protected":false},"excerpt":{"rendered":"","protected":false},"author":1,"featured_media":0,"parent":0,"menu_order":0,"comment_status":"closed","ping_status":"closed","template":"","meta":{"kt_blocks_editor_width":""},"_links":{"self":[{"href":"https:\/\/serbanionuteugen.ro\/en\/wp-json\/wp\/v2\/pages\/133"}],"collection":[{"href":"https:\/\/serbanionuteugen.ro\/en\/wp-json\/wp\/v2\/pages"}],"about":[{"href":"https:\/\/serbanionuteugen.ro\/en\/wp-json\/wp\/v2\/types\/page"}],"author":[{"embeddable":true,"href":"https:\/\/serbanionuteugen.ro\/en\/wp-json\/wp\/v2\/users\/1"}],"replies":[{"embeddable":true,"href":"https:\/\/serbanionuteugen.ro\/en\/wp-json\/wp\/v2\/comments?post=133"}],"version-history":[{"count":93,"href":"https:\/\/serbanionuteugen.ro\/en\/wp-json\/wp\/v2\/pages\/133\/revisions"}],"predecessor-version":[{"id":708,"href":"https:\/\/serbanionuteugen.ro\/en\/wp-json\/wp\/v2\/pages\/133\/revisions\/708"}],"wp:attachment":[{"href":"https:\/\/serbanionuteugen.ro\/en\/wp-json\/wp\/v2\/media?parent=133"}],"curies":[{"name":"wp","href":"https:\/\/api.w.org\/{rel}","templated":true}]}}