{"id":14,"date":"2020-11-04T09:28:45","date_gmt":"2020-11-04T09:28:45","guid":{"rendered":"https:\/\/serbanionuteugen.ro\/?page_id=14"},"modified":"2020-11-23T08:37:09","modified_gmt":"2020-11-23T08:37:09","slug":"contact","status":"publish","type":"page","link":"https:\/\/serbanionuteugen.ro\/en\/contact\/","title":{"rendered":"Contact"},"content":{"rendered":"<style id=\"kt-blocks_d238d5-fb\" type=\"text\/css\">#kt-layout-id_d238d5-fb > .kt-row-column-wrap {padding-bottom:0px;}<\/style>\n<div class=\"wp-block-kadence-rowlayout aligncenter\"><div id=\"kt-layout-id_d238d5-fb\" class=\"kt-row-layout-inner kt-layout-id_d238d5-fb\"><div class=\"kt-row-column-wrap kt-has-1-columns kt-gutter-default kt-v-gutter-default kt-row-valign-middle kt-row-layout-equal kt-tab-layout-inherit kt-m-colapse-left-to-right kt-mobile-layout-row\"><style id=\"kt-blocks_3fa1d4-30\" type=\"text\/css\">.kt-row-layout-inner > .kt-row-column-wrap > .kadence-column_3fa1d4-30 {text-align:center;}<\/style>\n<div class=\"wp-block-kadence-column inner-column-1 kadence-column_3fa1d4-30\"><div class=\"kt-inside-inner-col\">\n<p><strong>Date firma:<\/strong> SERBAN IONUT EUGEN PERSOANA FIZICA AUTORIZATA &#8211; 42628206 &#8211; F35 \/455 \/2020<\/p>\n<\/div><\/div>\n<\/div><\/div><\/div>\n\n\n<style id=\"kt-blocks_a2da04-2f\" type=\"text\/css\">#kt-layout-id_a2da04-2f > .kt-row-column-wrap {padding-top:0px;}<\/style>\n<div class=\"wp-block-kadence-rowlayout aligncenter\"><div id=\"kt-layout-id_a2da04-2f\" class=\"kt-row-layout-inner kt-layout-id_a2da04-2f\"><div class=\"kt-row-column-wrap kt-has-1-columns kt-gutter-default kt-v-gutter-default kt-row-valign-middle kt-row-layout-equal kt-tab-layout-inherit kt-m-colapse-left-to-right kt-mobile-layout-row\"><style id=\"kt-blocks_12473b-e6\" type=\"text\/css\">.kt-row-layout-inner > .kt-row-column-wrap > .kadence-column_12473b-e6 {text-align:center;}<\/style>\n<div class=\"wp-block-kadence-column inner-column-1 kadence-column_12473b-e6\"><div class=\"kt-inside-inner-col\">\n<div class=\"wp-block-kadence-iconlist kt-svg-icon-list-items kt-svg-icon-list-items_54c6f4-2a kt-svg-icon-list-columns-1 alignnone\"><ul class=\"kt-svg-icon-list\"><li class=\"kt-svg-icon-list-style-default kt-svg-icon-list-item-wrap kt-svg-icon-list-item-0\"><a href=\"mailto:serbanionuteugen@mail.com\" class=\"kt-svg-icon-link\" target=\"_blank\" rel=\"noopener noreferrer\"><div style=\"display:inline-flex;justify-content:center;align-items:center\" class=\"kt-svg-icon-list-single kt-svg-icon-list-single-fas_envelope\"><svg style=\"display:inline-block;vertical-align:middle\" viewbox=\"0 0 512 512\" height=\"20\" width=\"20\" fill=\"currentColor\" xmlns=\"http:\/\/www.w3.org\/2000\/svg\"><path d=\"M502.3 190.8c3.9-3.1 9.7-.2 9.7 4.7V400c0 26.5-21.5 48-48 48H48c-26.5 0-48-21.5-48-48V195.6c0-5 5.7-7.8 9.7-4.7 22.4 17.4 52.1 39.5 154.1 113.6 21.1 15.4 56.7 47.8 92.2 47.6 35.7.3 72-32.8 92.3-47.6 102-74.1 131.6-96.3 154-113.7zM256 320c23.2.4 56.6-29.2 73.4-41.4 132.7-96.3 142.8-104.7 173.4-128.7 5.8-4.5 9.2-11.5 9.2-18.9v-19c0-26.5-21.5-48-48-48H48C21.5 64 0 85.5 0 112v19c0 7.4 3.4 14.3 9.2 18.9 30.6 23.9 40.7 32.4 173.4 128.7 16.8 12.2 50.2 41.8 73.4 41.4z\"><\/path><\/svg><\/div><span class=\"kt-svg-icon-list-text\"><a href=\"serbanionuteugen@gmail.com\">con<\/a><a href=\"contact@serbanionuteugen.ro\">tact@serbanionuteugen.ro<\/a><\/span><\/a><\/li><li class=\"kt-svg-icon-list-style-default kt-svg-icon-list-item-wrap kt-svg-icon-list-item-1\"><a href=\"https:\/\/www.google.ro\/maps\/place\/Strada+Amurgului+1,+Timi%C8%99oara+300254\/@45.770218,21.2246825,17z\/data=!3m1!4b1!4m5!3m4!1s0x4745679981d5eaad:0xc5b2cfae1a500957!8m2!3d45.770218!4d21.2268712\" class=\"kt-svg-icon-link\" target=\"_blank\" rel=\"noopener noreferrer\"><div style=\"display:inline-flex;justify-content:center;align-items:center\" class=\"kt-svg-icon-list-single kt-svg-icon-list-single-fas_map-marker-alt\"><svg style=\"display:inline-block;vertical-align:middle\" viewbox=\"0 0 384 512\" height=\"20\" width=\"20\" fill=\"currentColor\" xmlns=\"http:\/\/www.w3.org\/2000\/svg\"><path d=\"M172.268 501.67C26.97 291.031 0 269.413 0 192 0 85.961 85.961 0 192 0s192 85.961 192 192c0 77.413-26.97 99.031-172.268 309.67-9.535 13.774-29.93 13.773-39.464 0zM192 272c44.183 0 80-35.817 80-80s-35.817-80-80-80-80 35.817-80 80 35.817 80 80 80z\"><\/path><\/svg><\/div><span class=\"kt-svg-icon-list-text\">Municipiul Timisoara, str Amurgului nr 1, corp Pene-Par, cam 6, et 3. (halele Pencoop)<\/span><\/a><\/li><li class=\"kt-svg-icon-list-style-default kt-svg-icon-list-item-wrap kt-svg-icon-list-item-2\"><a href=\"tel:+40727388837\" class=\"kt-svg-icon-link\"><div style=\"display:inline-flex;justify-content:center;align-items:center\" class=\"kt-svg-icon-list-single kt-svg-icon-list-single-fas_phone\"><svg style=\"display:inline-block;vertical-align:middle\" viewbox=\"0 0 512 512\" height=\"20\" width=\"20\" fill=\"currentColor\" xmlns=\"http:\/\/www.w3.org\/2000\/svg\"><path d=\"M493.4 24.6l-104-24c-11.3-2.6-22.9 3.3-27.5 13.9l-48 112c-4.2 9.8-1.4 21.3 6.9 28l60.6 49.6c-36 76.7-98.9 140.5-177.2 177.2l-49.6-60.6c-6.8-8.3-18.2-11.1-28-6.9l-112 48C3.9 366.5-2 378.1.6 389.4l24 104C27.1 504.2 36.7 512 48 512c256.1 0 464-207.5 464-464 0-11.2-7.7-20.9-18.6-23.4z\"><\/path><\/svg><\/div><span class=\"kt-svg-icon-list-text\">+40 727 388 837<\/span><\/a><\/li><\/ul><\/div>\n<\/div><\/div>\n<\/div><\/div><\/div>\n\n\n\n<div class=\"wp-block-kadence-rowlayout alignwide\"><div id=\"kt-layout-id_4008b5-3c\" class=\"kt-row-layout-inner kt-layout-id_4008b5-3c\"><div class=\"kt-row-column-wrap kt-has-1-columns kt-gutter-default kt-v-gutter-default kt-row-valign-top kt-row-layout-equal kt-tab-layout-inherit kt-m-colapse-left-to-right kt-mobile-layout-row\"><style id=\"kt-blocks_3786f3-d3\" type=\"text\/css\">.kt-row-layout-inner > .kt-row-column-wrap > .kadence-column_3786f3-d3 {text-align:center;}<\/style>\n<div class=\"wp-block-kadence-column inner-column-1 kadence-column_3786f3-d3\"><div class=\"kt-inside-inner-col\"><style id=\"kt-blocks_eb1775-e8\" type=\"text\/css\">#kt-adv-heading_eb1775-e8, #kt-adv-heading_eb1775-e8 .wp-block-kadence-advancedheading {font-size:13px;line-height:1.8em;font-weight:400;font-style:italic;font-family:Lato;}<\/style>\n<h2 id=\"kt-adv-heading_eb1775-e8\" class=\"kt-adv-heading_eb1775-e8 wp-block-kadence-advancedheading\" style=\"text-align:left;letter-spacing:1.5px\">V\u0103 rug\u0103m s\u0103 introduce\u021bi detaliile de contact \u0219i un mesaj scurt mai jos \u0219i voi \u00eencerca s\u0103 v\u0103 r\u0103spund la \u00eentrebare c\u00e2t mai cur\u00e2nd posibil.<\/h2>\n\n\n<style id=\"kt-blocks_e33ef1-5a\" type=\"text\/css\">.kadence-form-_e33ef1-5a .kb-form .kadence-blocks-form-field .kb-text-style-field, .kadence-form-_e33ef1-5a .kb-form .kadence-blocks-form-field .kb-select-style-field {color:#444;font-size:13px;}.kadence-form-_e33ef1-5a .kb-form .kadence-blocks-form-field label {color:#444;font-size:13px;line-height:1.8em;letter-spacing:1.5px;font-family:Lato;font-style:italic;font-weight:400;}.kadence-form-_e33ef1-5a .kb-form .kadence-blocks-form-field .kb-forms-submit {color:#ffffff;background:rgba(0, 0, 0, 1);}.kadence-form-_e33ef1-5a .kb-form .kadence-blocks-form-field .kb-forms-submit:hover, .kadence-form-_e33ef1-5a .kb-form .kadence-blocks-form-field .kb-forms-submit:focus  {background:rgba(68, 68, 68, 1);}.kadence-form-_e33ef1-5a .kb-form .kadence-blocks-form-field .kb-forms-submit {font-family:Lato;font-style:italic;font-weight:400;}.kadence-form-_e33ef1-5a .kadence-blocks-form-success {color:#ffffff;border-color:#444;background:rgba(16, 134, 16, 1);}.kadence-form-_e33ef1-5a .kadence-blocks-form-warning {color:#ffffff;border-color:#eee;background:rgba(245, 11, 11, 1);}.kadence-form-_e33ef1-5a .kadence-blocks-form-message {}<\/style>\n<div class=\"wp-block-kadence-form kadence-form-_e33ef1-5a kb-form-wrap\"><form class=\"kb-form\" action=\"\" method=\"post\" data-trp-original-action=\"\"><div class=\"kadence-blocks-form-field kb-field-desk-width-50 kb-input-size-standard\"><label for=\"kb_field__e33ef1-5a_0\">Nume<span class=\"required\">*<\/span><\/label><input name=\"kb_field_0\" id=\"kb_field__e33ef1-5a_0\" data-label=\"Nume\" type=\"text\" placeholder=\"Numele tau\" value=\"\" data-type=\"text\" class=\"kb-field kb-text-style-field kb-text-field kb-field-0\" data-required=\"yes\"\/><\/div><div class=\"kadence-blocks-form-field kb-form-field-1 kb-field-desk-width-50 kb-input-size-standard\"><label for=\"kb_field__e33ef1-5a_1\">Telefon<span class=\"required\">*<\/span><\/label><input name=\"kb_field_1\" id=\"kb_field__e33ef1-5a_1\" data-label=\"Telefon\" type=\"tel\" placeholder=\"Numarul tau de telefon\" value=\"\" data-type=\"tel\" class=\"kb-field kb-text-style-field kb-tel-field kb-field-1\" data-required=\"yes\"\/><\/div><div class=\"kadence-blocks-form-field kb-form-field-2 kb-field-desk-width-100 kb-input-size-standard\"><label for=\"kb_field__e33ef1-5a_2\">Email<span class=\"required\">*<\/span><\/label><input name=\"kb_field_2\" id=\"kb_field__e33ef1-5a_2\" data-label=\"Email\" type=\"email\" placeholder=\"Adresa de e-mail\" value=\"\" data-type=\"email\" class=\"kb-field kb-text-style-field kb-email-field kb-field-2\" data-required=\"yes\"\/><\/div><div class=\"kadence-blocks-form-field kb-form-field-3 kb-field-desk-width-100 kb-input-size-standard\"><label for=\"kb_field__e33ef1-5a_3\">Mesaj<span class=\"required\">*<\/span><\/label><textarea name=\"kb_field_3\" id=\"kb_field__e33ef1-5a_3\" data-label=\"Mesaj\" type=\"textarea\" placeholder=\"Mesajul tau\" data-type=\"textarea\" class=\"kb-field kb-text-style-field kb-textarea-field kb-field-3\" rows=\"4\" data-required=\"yes\"><\/textarea><\/div><div class=\"kadence-blocks-form-field kb-form-field-4 kb-field-desk-width-100 kb-input-size-standard\"><label for=\"kb_field__e33ef1-5a_4\">GDPR<span class=\"required\">*<\/span><\/label><div data-type=\"checkbox\" data-label=\"GDPR\" id=\"kb_field__e33ef1-5a_4\" class=\"kb-field kb-checkbox-style-field kb-checkbox-field kb-field-4\" data-required=\"yes\"><div data-type=\"checkbox\" class=\"kb-checkbox-item kb-checkbox-item-0\"><input type=\"checkbox\" name=\"kb_field_4[]\" id=\"kb_field_4_0\" class=\"kb-sub-field kb-checkbox-style\" value=\"Am citit si sunt de acord cu noile reglementari privind: Protectia datelor cu carater personal\"\/><label for=\"kb_field_4_0\">Am citit si sunt de acord cu noile reglementari privind: Protectia datelor cu carater personal<\/label><\/div><\/div><\/div><input type=\"hidden\" name=\"_kb_form_id\" value=\"_e33ef1-5a\"\/><input type=\"hidden\" name=\"_kb_form_post_id\" value=\"14\"\/><input type=\"hidden\" name=\"action\" value=\"kb_process_ajax_submit\"\/><input type=\"hidden\" name=\"recaptcha_response\" class=\"kb_recaptcha_response kb_recaptcha__e33ef1-5a\"\/><input class=\"kadence-blocks-field verify\" type=\"text\" name=\"_kb_verify_email\" autocomplete=\"off\" placeholder=\"Email\" tabindex=\"-1\"\/><div class=\"kadence-blocks-form-field kb-submit-field kb-field-desk-width-100\"><button class=\"kb-forms-submit button kb-button-size-standard kb-button-width-auto\">Trimite mesajul<\/button><\/div><input type=\"hidden\" name=\"trp-form-language\" value=\"en\"\/><\/form><\/div>\n\n\n<style id=\"kt-blocks_610bed-19\" type=\"text\/css\">#kt-layout-id_610bed-19 > .kt-row-column-wrap {padding-left:0px;padding-right:0px;}<\/style>\n<div class=\"wp-block-kadence-rowlayout alignfull\"><div id=\"kt-layout-id_610bed-19\" class=\"kt-row-layout-inner kt-layout-id_610bed-19\"><div class=\"kt-row-column-wrap kt-has-3-columns kt-gutter-default kt-v-gutter-default kt-row-valign-top kt-row-layout-equal kt-tab-layout-inherit kt-m-colapse-left-to-right kt-mobile-layout-row\"><style id=\"kt-blocks_0a150f-e8\" type=\"text\/css\">.kt-row-layout-inner > .kt-row-column-wrap > .kadence-column_0a150f-e8 {text-align:center;}<\/style>\n<div class=\"wp-block-kadence-column inner-column-1 kadence-column_0a150f-e8\"><div class=\"kt-inside-inner-col\">\n<figure class=\"wp-block-image size-large\"><img loading=\"lazy\" width=\"1024\" height=\"678\" src=\"https:\/\/serbanionuteugen.ro\/wp-content\/uploads\/2020\/11\/image2-1024x678-1.jpg\" alt=\"\" class=\"wp-image-104\" srcset=\"https:\/\/serbanionuteugen.ro\/wp-content\/uploads\/2020\/11\/image2-1024x678-1.jpg 1024w, https:\/\/serbanionuteugen.ro\/wp-content\/uploads\/2020\/11\/image2-1024x678-1-300x199.jpg 300w, https:\/\/serbanionuteugen.ro\/wp-content\/uploads\/2020\/11\/image2-1024x678-1-600x397.jpg 600w, https:\/\/serbanionuteugen.ro\/wp-content\/uploads\/2020\/11\/image2-1024x678-1-768x509.jpg 768w\" sizes=\"(max-width: 1024px) 100vw, 1024px\" \/><\/figure>\n<\/div><\/div>\n\n\n<style id=\"kt-blocks_53dd57-09\" type=\"text\/css\">.kt-row-layout-inner > .kt-row-column-wrap > .kadence-column_53dd57-09 {text-align:center;}<\/style>\n<div class=\"wp-block-kadence-column inner-column-2 kadence-column_53dd57-09\"><div class=\"kt-inside-inner-col\">\n<figure class=\"wp-block-image size-large\"><img loading=\"lazy\" width=\"1024\" height=\"678\" src=\"https:\/\/serbanionuteugen.ro\/wp-content\/uploads\/2020\/11\/image1-1024x678-1.jpg\" alt=\"\" class=\"wp-image-106\" srcset=\"https:\/\/serbanionuteugen.ro\/wp-content\/uploads\/2020\/11\/image1-1024x678-1.jpg 1024w, https:\/\/serbanionuteugen.ro\/wp-content\/uploads\/2020\/11\/image1-1024x678-1-300x199.jpg 300w, https:\/\/serbanionuteugen.ro\/wp-content\/uploads\/2020\/11\/image1-1024x678-1-600x397.jpg 600w, https:\/\/serbanionuteugen.ro\/wp-content\/uploads\/2020\/11\/image1-1024x678-1-768x509.jpg 768w\" sizes=\"(max-width: 1024px) 100vw, 1024px\" \/><\/figure>\n<\/div><\/div>\n\n\n<style id=\"kt-blocks_db3531-cd\" type=\"text\/css\">.kt-row-layout-inner > .kt-row-column-wrap > .kadence-column_db3531-cd {text-align:center;}<\/style>\n<div class=\"wp-block-kadence-column inner-column-3 kadence-column_db3531-cd\"><div class=\"kt-inside-inner-col\">\n<figure class=\"wp-block-image size-large\"><img loading=\"lazy\" width=\"1024\" height=\"678\" src=\"https:\/\/serbanionuteugen.ro\/wp-content\/uploads\/2020\/11\/image3-1024x678-2.jpg\" alt=\"\" class=\"wp-image-102\" srcset=\"https:\/\/serbanionuteugen.ro\/wp-content\/uploads\/2020\/11\/image3-1024x678-2.jpg 1024w, https:\/\/serbanionuteugen.ro\/wp-content\/uploads\/2020\/11\/image3-1024x678-2-300x199.jpg 300w, https:\/\/serbanionuteugen.ro\/wp-content\/uploads\/2020\/11\/image3-1024x678-2-600x397.jpg 600w, https:\/\/serbanionuteugen.ro\/wp-content\/uploads\/2020\/11\/image3-1024x678-2-768x509.jpg 768w\" sizes=\"(max-width: 1024px) 100vw, 1024px\" \/><\/figure>\n<\/div><\/div>\n<\/div><\/div><\/div>\n<\/div><\/div>\n<\/div><\/div><\/div>\n\n\n\n<div class=\"wp-block-kadence-rowlayout alignnone\"><div id=\"kt-layout-id_9d760b-60\" class=\"kt-row-layout-inner kt-layout-id_9d760b-60\"><div class=\"kt-row-column-wrap kt-has-1-columns kt-gutter-default kt-v-gutter-default kt-row-valign-top kt-row-layout-equal kt-tab-layout-inherit kt-m-colapse-left-to-right kt-mobile-layout-row\"><style id=\"kt-blocks_b69ab8-df\" type=\"text\/css\">.kt-row-layout-inner > .kt-row-column-wrap > .kadence-column_b69ab8-df {text-align:center;}<\/style>\n<div class=\"wp-block-kadence-column inner-column-1 kadence-column_b69ab8-df\"><div class=\"kt-inside-inner-col\"><\/div><\/div>\n<\/div><\/div><\/div>","protected":false},"excerpt":{"rendered":"","protected":false},"author":1,"featured_media":0,"parent":0,"menu_order":0,"comment_status":"closed","ping_status":"closed","template":"","meta":{"kt_blocks_editor_width":""},"_links":{"self":[{"href":"https:\/\/serbanionuteugen.ro\/en\/wp-json\/wp\/v2\/pages\/14"}],"collection":[{"href":"https:\/\/serbanionuteugen.ro\/en\/wp-json\/wp\/v2\/pages"}],"about":[{"href":"https:\/\/serbanionuteugen.ro\/en\/wp-json\/wp\/v2\/types\/page"}],"author":[{"embeddable":true,"href":"https:\/\/serbanionuteugen.ro\/en\/wp-json\/wp\/v2\/users\/1"}],"replies":[{"embeddable":true,"href":"https:\/\/serbanionuteugen.ro\/en\/wp-json\/wp\/v2\/comments?post=14"}],"version-history":[{"count":45,"href":"https:\/\/serbanionuteugen.ro\/en\/wp-json\/wp\/v2\/pages\/14\/revisions"}],"predecessor-version":[{"id":657,"href":"https:\/\/serbanionuteugen.ro\/en\/wp-json\/wp\/v2\/pages\/14\/revisions\/657"}],"wp:attachment":[{"href":"https:\/\/serbanionuteugen.ro\/en\/wp-json\/wp\/v2\/media?parent=14"}],"curies":[{"name":"wp","href":"https:\/\/api.w.org\/{rel}","templated":true}]}}