{"id":28,"date":"2020-11-05T08:52:04","date_gmt":"2020-11-05T08:52:04","guid":{"rendered":"https:\/\/serbanionuteugen.ro\/?page_id=28"},"modified":"2020-11-16T09:15:50","modified_gmt":"2020-11-16T09:15:50","slug":"expozitii","status":"publish","type":"page","link":"https:\/\/serbanionuteugen.ro\/en\/expozitii\/","title":{"rendered":"Expozitii"},"content":{"rendered":"<div class=\"wp-block-kadence-rowlayout alignwide\"><div id=\"kt-layout-id_3c6fe7-7b\" class=\"kt-row-layout-inner kt-layout-id_3c6fe7-7b\"><div class=\"kt-row-column-wrap kt-has-3-columns kt-gutter-default kt-v-gutter-default kt-row-valign-top kt-row-layout-equal kt-tab-layout-inherit kt-m-colapse-left-to-right kt-mobile-layout-row\"><style id=\"kt-blocks_5aa049-5a\" type=\"text\/css\">.kt-row-layout-inner > .kt-row-column-wrap > .kadence-column_5aa049-5a {text-align:center;}<\/style>\n<div class=\"wp-block-kadence-column inner-column-1 kadence-column_5aa049-5a\"><div class=\"kt-inside-inner-col\"><style id=\"kt-blocks_d8e5a2-de\" type=\"text\/css\">#kt-adv-heading_d8e5a2-de, #kt-adv-heading_d8e5a2-de .wp-block-kadence-advancedheading {font-size:36px;font-weight:400;font-family:Didact Gothic;}<\/style>\n<h2 id=\"kt-adv-heading_d8e5a2-de\" class=\"kt-adv-heading_d8e5a2-de wp-block-kadence-advancedheading\"><strong><em>ARMONIEINHAOS<\/em><\/strong><\/h2>\n\n\n<style id=\"kt-blocks_42566c-a4\" type=\"text\/css\">#kt-adv-heading_42566c-a4, #kt-adv-heading_42566c-a4 .wp-block-kadence-advancedheading {font-size:16px;line-height:1.5em;font-weight:400;font-family:Didact Gothic;}<\/style>\n<h2 id=\"kt-adv-heading_42566c-a4\" class=\"kt-adv-heading_42566c-a4 wp-block-kadence-advancedheading\" style=\"letter-spacing:1.2px\">\u201cArmonie \u00een Haos\u201d \u2013 Expozi\u021bie de art\u0103 conceptual\u0103 ce invit\u0103 privitorul la p\u0103trunderea sinelui sub forma brut\u0103 de unde vibra\u021bionale, stabilindu-i&#8230;<\/h2>\n\n\n<style id=\"kt-blocks_646bce-4c\" type=\"text\/css\">.kt-btns_646bce-4c .kt-button {font-family:Didact Gothic;font-weight:400;}.kt-btns_646bce-4c .kt-btn-wrap-0 {margin-right:5px;}.rtl .kt-btns_646bce-4c .kt-btn-wrap-0 {margin-left:5px;margin-right:0px;}.kt-btns_646bce-4c .kt-btn-wrap-0 .kt-button {color:#555555;border-color:rgba(85, 85, 85, 1);}.kt-btns_646bce-4c .kt-btn-wrap-0 .kt-button:hover, .kt-btns_646bce-4c .kt-btn-wrap-0 .kt-button:focus {color:#ffffff;border-color:rgba(68, 68, 68, 1);}.kt-btns_646bce-4c .kt-btn-wrap-0 .kt-button::before {display:none;}.kt-btns_646bce-4c .kt-btn-wrap-0 .kt-button:hover, .kt-btns_646bce-4c .kt-btn-wrap-0 .kt-button:focus {background:rgba(68, 68, 68, 1);}<\/style>\n<div class=\"wp-block-kadence-advancedbtn kt-btn-align-center kt-btn-tablet-align-inherit kt-btn-mobile-align-inherit kt-btns-wrap kt-btns_646bce-4c\"><div class=\"kt-btn-wrap kt-btn-wrap-0\"><a class=\"kt-button button kt-btn-0-action kt-btn-size-standard kt-btn-style-basic kt-btn-svg-show-always kt-btn-has-text-true kt-btn-has-svg-false\" href=\"https:\/\/serbanionuteugen.ro\/expozitii\/armonieinhaos\/\" target=\"_blank\" rel=\"noreferrer noopener\" style=\"border-width:1px\"><span class=\"kt-btn-inner-text\">Vezi mai mult<\/span><\/a><\/div><\/div>\n<\/div><\/div>\n\n\n<style id=\"kt-blocks_2eb479-48\" type=\"text\/css\">.kt-row-layout-inner > .kt-row-column-wrap > .kadence-column_2eb479-48 {text-align:center;}<\/style>\n<div class=\"wp-block-kadence-column inner-column-2 kadence-column_2eb479-48\"><div class=\"kt-inside-inner-col\"><style id=\"kt-blocks_62bb37-10\" type=\"text\/css\">#kt-adv-heading_62bb37-10, #kt-adv-heading_62bb37-10 .wp-block-kadence-advancedheading {font-size:36px;font-weight:400;font-family:Didact Gothic;}<\/style>\n<h2 id=\"kt-adv-heading_62bb37-10\" class=\"kt-adv-heading_62bb37-10 wp-block-kadence-advancedheading\"><strong><em>DOI INTR-UNUL<\/em><\/strong><\/h2>\n\n\n<style id=\"kt-blocks_0fe1ee-ad\" type=\"text\/css\">#kt-adv-heading_0fe1ee-ad, #kt-adv-heading_0fe1ee-ad .wp-block-kadence-advancedheading {font-size:16px;line-height:1.5em;font-weight:400;font-family:Didact Gothic;}<\/style>\n<h2 id=\"kt-adv-heading_0fe1ee-ad\" class=\"kt-adv-heading_0fe1ee-ad wp-block-kadence-advancedheading\" style=\"letter-spacing:1.2px\">O exemplificare a parcursului vie\u0163ii in doi. Un drum al tr\u0103irilor imortalizat \u00een piatr\u0103, de la \u00eenceput p\u00e2n\u0103 la sf\u00e2r\u015fit, atunci c\u00e2nd doi devin doar unul&#8230;<\/h2>\n\n\n<style id=\"kt-blocks_bf018f-91\" type=\"text\/css\">.kt-btns_bf018f-91 .kt-button {font-family:Didact Gothic;font-weight:400;}.kt-btns_bf018f-91 .kt-btn-wrap-0 {margin-right:5px;}.rtl .kt-btns_bf018f-91 .kt-btn-wrap-0 {margin-left:5px;margin-right:0px;}.kt-btns_bf018f-91 .kt-btn-wrap-0 .kt-button {color:#555555;border-color:rgba(85, 85, 85, 1);}.kt-btns_bf018f-91 .kt-btn-wrap-0 .kt-button:hover, .kt-btns_bf018f-91 .kt-btn-wrap-0 .kt-button:focus {color:#ffffff;border-color:rgba(68, 68, 68, 1);}.kt-btns_bf018f-91 .kt-btn-wrap-0 .kt-button::before {display:none;}.kt-btns_bf018f-91 .kt-btn-wrap-0 .kt-button:hover, .kt-btns_bf018f-91 .kt-btn-wrap-0 .kt-button:focus {background:rgba(68, 68, 68, 1);}<\/style>\n<div class=\"wp-block-kadence-advancedbtn kt-btn-align-center kt-btn-tablet-align-inherit kt-btn-mobile-align-inherit kt-btns-wrap kt-btns_bf018f-91\"><div class=\"kt-btn-wrap kt-btn-wrap-0\"><a class=\"kt-button button kt-btn-0-action kt-btn-size-standard kt-btn-style-basic kt-btn-svg-show-always kt-btn-has-text-true kt-btn-has-svg-false\" href=\"https:\/\/serbanionuteugen.ro\/expozitii\/doi-intr-unul\/\" target=\"_blank\" rel=\"noreferrer noopener\" style=\"border-width:1px\"><span class=\"kt-btn-inner-text\">Vezi mai mult<\/span><\/a><\/div><\/div>\n<\/div><\/div>\n\n\n<style id=\"kt-blocks_3a288b-ca\" type=\"text\/css\">.kt-row-layout-inner > .kt-row-column-wrap > .kadence-column_3a288b-ca {text-align:center;}<\/style>\n<div class=\"wp-block-kadence-column inner-column-3 kadence-column_3a288b-ca\"><div class=\"kt-inside-inner-col\"><style id=\"kt-blocks_6106c1-b5\" type=\"text\/css\">#kt-adv-heading_6106c1-b5, #kt-adv-heading_6106c1-b5 .wp-block-kadence-advancedheading {font-size:36px;font-weight:400;font-family:Didact Gothic;}<\/style>\n<h2 id=\"kt-adv-heading_6106c1-b5\" class=\"kt-adv-heading_6106c1-b5 wp-block-kadence-advancedheading\"><strong><em>ROSU<\/em><\/strong><\/h2>\n\n\n<style id=\"kt-blocks_8a52dd-a6\" type=\"text\/css\">#kt-adv-heading_8a52dd-a6, #kt-adv-heading_8a52dd-a6 .wp-block-kadence-advancedheading {font-size:16px;line-height:1.5em;font-weight:400;font-family:Didact Gothic;}<\/style>\n<h2 id=\"kt-adv-heading_8a52dd-a6\" class=\"kt-adv-heading_8a52dd-a6 wp-block-kadence-advancedheading\" style=\"letter-spacing:1.2px\">Conceptul expozi\u021biei prezint\u0103 lucrarea \u00eentr-o not\u0103 vulnerabil\u0103, expun\u00e2ndu-i \u00eentreruperea \u0219i extrac\u021bia, asemeni unei r\u0103ni ce s\u00e2ngereaz\u0103, invit\u00e2nd privitorul&#8230;<\/h2>\n\n\n<style id=\"kt-blocks_a37132-47\" type=\"text\/css\">.kt-btns_a37132-47 .kt-button {font-family:Didact Gothic;font-weight:400;}.kt-btns_a37132-47 .kt-btn-wrap-0 {margin-right:5px;}.rtl .kt-btns_a37132-47 .kt-btn-wrap-0 {margin-left:5px;margin-right:0px;}.kt-btns_a37132-47 .kt-btn-wrap-0 .kt-button {color:#555555;border-color:rgba(85, 85, 85, 1);}.kt-btns_a37132-47 .kt-btn-wrap-0 .kt-button:hover, .kt-btns_a37132-47 .kt-btn-wrap-0 .kt-button:focus {color:#ffffff;border-color:rgba(68, 68, 68, 1);}.kt-btns_a37132-47 .kt-btn-wrap-0 .kt-button::before {display:none;}.kt-btns_a37132-47 .kt-btn-wrap-0 .kt-button:hover, .kt-btns_a37132-47 .kt-btn-wrap-0 .kt-button:focus {background:rgba(68, 68, 68, 1);}<\/style>\n<div class=\"wp-block-kadence-advancedbtn kt-btn-align-center kt-btn-tablet-align-inherit kt-btn-mobile-align-inherit kt-btns-wrap kt-btns_a37132-47\"><div class=\"kt-btn-wrap kt-btn-wrap-0\"><a class=\"kt-button button kt-btn-0-action kt-btn-size-standard kt-btn-style-basic kt-btn-svg-show-always kt-btn-has-text-true kt-btn-has-svg-false\" href=\"https:\/\/serbanionuteugen.ro\/expozitii\/rosu\/\" target=\"_blank\" rel=\"noreferrer noopener\" style=\"border-width:1px\"><span class=\"kt-btn-inner-text\">Vezi mai mult<\/span><\/a><\/div><\/div>\n<\/div><\/div>\n<\/div><\/div><\/div>\n\n\n\n<p><\/p>","protected":false},"excerpt":{"rendered":"","protected":false},"author":1,"featured_media":0,"parent":0,"menu_order":0,"comment_status":"closed","ping_status":"closed","template":"","meta":{"kt_blocks_editor_width":""},"_links":{"self":[{"href":"https:\/\/serbanionuteugen.ro\/en\/wp-json\/wp\/v2\/pages\/28"}],"collection":[{"href":"https:\/\/serbanionuteugen.ro\/en\/wp-json\/wp\/v2\/pages"}],"about":[{"href":"https:\/\/serbanionuteugen.ro\/en\/wp-json\/wp\/v2\/types\/page"}],"author":[{"embeddable":true,"href":"https:\/\/serbanionuteugen.ro\/en\/wp-json\/wp\/v2\/users\/1"}],"replies":[{"embeddable":true,"href":"https:\/\/serbanionuteugen.ro\/en\/wp-json\/wp\/v2\/comments?post=28"}],"version-history":[{"count":6,"href":"https:\/\/serbanionuteugen.ro\/en\/wp-json\/wp\/v2\/pages\/28\/revisions"}],"predecessor-version":[{"id":471,"href":"https:\/\/serbanionuteugen.ro\/en\/wp-json\/wp\/v2\/pages\/28\/revisions\/471"}],"wp:attachment":[{"href":"https:\/\/serbanionuteugen.ro\/en\/wp-json\/wp\/v2\/media?parent=28"}],"curies":[{"name":"wp","href":"https:\/\/api.w.org\/{rel}","templated":true}]}}